{"id":2685,"date":"2024-03-14T15:08:49","date_gmt":"2024-03-14T14:08:49","guid":{"rendered":"https:\/\/www.cicciofamilyhotelpolsa.it\/winter\/gebiet\/"},"modified":"2024-03-14T15:08:49","modified_gmt":"2024-03-14T14:08:49","slug":"gebiet","status":"publish","type":"page","link":"https:\/\/www.cicciofamilyhotelpolsa.it\/de\/winter\/gebiet\/","title":{"rendered":"Gebiet"},"content":{"rendered":"<p>Polsa und Brentonico sind charmante Touristenorte auf der Hochebene des Monte Baldo in der Region Trentino. Im Winter verwandeln sich diese Gebiete in Schneeparadiese, die bei Familien und Sportlern sehr beliebt sind.<\/p>\n<p>Die Winteraktivit\u00e4ten in Polsa sind endlos und f\u00fcr jeden Geschmack etwas dabei. Die gut pr\u00e4parierten und f\u00fcr alle Erfahrungsstufen geeigneten Skipisten sind perfekt f\u00fcr Anf\u00e4nger und Fortgeschrittene. F\u00fcr Kinder gibt es Skischulen mit qualifizierten Skilehrern, die f\u00fcr spielerisches und sicheres Lernen sorgen. Dar\u00fcber hinaus ist der Schneespielplatz ein zauberhafter Ort, wo die Kleinen mit Schlitten und H\u00fcpfburgen Spa\u00df haben k\u00f6nnen.<\/p>\n<p>F\u00fcr Familien sind Polsa und Brentonico auch dank der zahlreichen kinderfreundlichen Unterk\u00fcnfte, wie Hotels mit Miniclubs, Spielbereichen und Unterhaltung, ideale Orte. Die Resorts bieten auch Veranstaltungen und Aktivit\u00e4ten speziell f\u00fcr Kinder an, wie etwa Puppentheater und Kreativworkshops, die Spa\u00df und Unterhaltung f\u00fcr die ganze Familie garantieren.<\/p>\n<p>Die Sicherheit und Ruhe dieser Orte, kombiniert mit dem herzlichen Empfang und den familienfreundlichen Dienstleistungen, machen Polsa und Brentonico zum perfekten Ziel f\u00fcr einen Urlaub mit der ganzen Familie.<\/p>\n","protected":false},"excerpt":{"rendered":"<p>Polsa und Brentonico sind charmante Touristenorte auf der Hochebene des Monte Baldo in der Region Trentino. Im Winter verwandeln sich diese Gebiete in Schneeparadiese, die bei Familien und Sportlern sehr beliebt sind. Die Winteraktivit\u00e4ten in Polsa sind endlos und f\u00fcr jeden Geschmack etwas dabei. Die gut pr\u00e4parierten und f\u00fcr alle Erfahrungsstufen geeigneten Skipisten sind perfekt [&hellip;]<\/p>\n","protected":false},"author":1,"featured_media":2496,"parent":2667,"menu_order":0,"comment_status":"closed","ping_status":"closed","template":"","meta":{"_acf_changed":false,"_breakdance_hide_in_design_set":false,"_breakdance_tags":"","footnotes":""},"sezione-contenuto":[13,12],"class_list":["post-2685","page","type-page","status-publish","has-post-thumbnail","hentry","sezione-contenuto-estate","sezione-contenuto-inverno"],"acf":[],"_links":{"self":[{"href":"https:\/\/www.cicciofamilyhotelpolsa.it\/de\/wp-json\/wp\/v2\/pages\/2685","targetHints":{"allow":["GET"]}}],"collection":[{"href":"https:\/\/www.cicciofamilyhotelpolsa.it\/de\/wp-json\/wp\/v2\/pages"}],"about":[{"href":"https:\/\/www.cicciofamilyhotelpolsa.it\/de\/wp-json\/wp\/v2\/types\/page"}],"author":[{"embeddable":true,"href":"https:\/\/www.cicciofamilyhotelpolsa.it\/de\/wp-json\/wp\/v2\/users\/1"}],"replies":[{"embeddable":true,"href":"https:\/\/www.cicciofamilyhotelpolsa.it\/de\/wp-json\/wp\/v2\/comments?post=2685"}],"version-history":[{"count":0,"href":"https:\/\/www.cicciofamilyhotelpolsa.it\/de\/wp-json\/wp\/v2\/pages\/2685\/revisions"}],"up":[{"embeddable":true,"href":"https:\/\/www.cicciofamilyhotelpolsa.it\/de\/wp-json\/wp\/v2\/pages\/2667"}],"wp:featuredmedia":[{"embeddable":true,"href":"https:\/\/www.cicciofamilyhotelpolsa.it\/de\/wp-json\/wp\/v2\/media\/2496"}],"wp:attachment":[{"href":"https:\/\/www.cicciofamilyhotelpolsa.it\/de\/wp-json\/wp\/v2\/media?parent=2685"}],"wp:term":[{"taxonomy":"sezione-contenuto","embeddable":true,"href":"https:\/\/www.cicciofamilyhotelpolsa.it\/de\/wp-json\/wp\/v2\/sezione-contenuto?post=2685"}],"curies":[{"name":"wp","href":"https:\/\/api.w.org\/{rel}","templated":true}]}}