{"id":2684,"date":"2024-03-14T15:07:27","date_gmt":"2024-03-14T14:07:27","guid":{"rendered":"https:\/\/www.cicciofamilyhotelpolsa.it\/winter\/family-paradise-dienstleistungen\/"},"modified":"2024-03-14T15:07:27","modified_gmt":"2024-03-14T14:07:27","slug":"family-paradise-dienstleistungen","status":"publish","type":"page","link":"https:\/\/www.cicciofamilyhotelpolsa.it\/de\/winter\/family-paradise-dienstleistungen\/","title":{"rendered":"Family Paradise Dienstleistungen"},"content":{"rendered":"<p>Der perfekte Urlaub f\u00fcr Familien mit Kindern. Sicherheit und Entspannung f\u00fcr die Erwachsenen, purer Spa\u00df f\u00fcr die Kleinen. Es gibt so viele Unterhaltungsm\u00f6glichkeiten, so viele Dienstleistungen, und wenn Ihnen etwas fehlt, machen Sie sich keine Sorgen, wir haben die L\u00f6sung f\u00fcr Sie.<\/p>\n<p>Ciccio Pool- und Wellnesscenter, Sky Room, Super-Snack, Themenabende, 2 Skip\u00e4sse (1 Erwachsener + 1 Kind) pro Zimmer bis zum Vortag der Abreise inklusive<\/p>\n<p>(im Ernst!), und dann Unterhaltung, Spielpl\u00e4tze, W\u00e4lder und alles, was Sie brauchen, um jede Sekunde Ihres Bergurlaubs in vollen Z\u00fcgen zu genie\u00dfen.<\/p>\n<p>PS: Sehen Sie sich die vollst\u00e4ndige Liste der Dienste an.<\/p>\n","protected":false},"excerpt":{"rendered":"<p>Der perfekte Urlaub f\u00fcr Familien mit Kindern. Sicherheit und Entspannung f\u00fcr die Erwachsenen, purer Spa\u00df f\u00fcr die Kleinen. Es gibt so viele Unterhaltungsm\u00f6glichkeiten, so viele Dienstleistungen, und wenn Ihnen etwas fehlt, machen Sie sich keine Sorgen, wir haben die L\u00f6sung f\u00fcr Sie. Ciccio Pool- und Wellnesscenter, Sky Room, Super-Snack, Themenabende, 2 Skip\u00e4sse (1 Erwachsener + [&hellip;]<\/p>\n","protected":false},"author":1,"featured_media":2413,"parent":2667,"menu_order":0,"comment_status":"closed","ping_status":"closed","template":"","meta":{"_acf_changed":false,"_breakdance_hide_in_design_set":false,"_breakdance_tags":"","footnotes":""},"sezione-contenuto":[12],"class_list":["post-2684","page","type-page","status-publish","has-post-thumbnail","hentry","sezione-contenuto-inverno"],"acf":[],"_links":{"self":[{"href":"https:\/\/www.cicciofamilyhotelpolsa.it\/de\/wp-json\/wp\/v2\/pages\/2684","targetHints":{"allow":["GET"]}}],"collection":[{"href":"https:\/\/www.cicciofamilyhotelpolsa.it\/de\/wp-json\/wp\/v2\/pages"}],"about":[{"href":"https:\/\/www.cicciofamilyhotelpolsa.it\/de\/wp-json\/wp\/v2\/types\/page"}],"author":[{"embeddable":true,"href":"https:\/\/www.cicciofamilyhotelpolsa.it\/de\/wp-json\/wp\/v2\/users\/1"}],"replies":[{"embeddable":true,"href":"https:\/\/www.cicciofamilyhotelpolsa.it\/de\/wp-json\/wp\/v2\/comments?post=2684"}],"version-history":[{"count":0,"href":"https:\/\/www.cicciofamilyhotelpolsa.it\/de\/wp-json\/wp\/v2\/pages\/2684\/revisions"}],"up":[{"embeddable":true,"href":"https:\/\/www.cicciofamilyhotelpolsa.it\/de\/wp-json\/wp\/v2\/pages\/2667"}],"wp:featuredmedia":[{"embeddable":true,"href":"https:\/\/www.cicciofamilyhotelpolsa.it\/de\/wp-json\/wp\/v2\/media\/2413"}],"wp:attachment":[{"href":"https:\/\/www.cicciofamilyhotelpolsa.it\/de\/wp-json\/wp\/v2\/media?parent=2684"}],"wp:term":[{"taxonomy":"sezione-contenuto","embeddable":true,"href":"https:\/\/www.cicciofamilyhotelpolsa.it\/de\/wp-json\/wp\/v2\/sezione-contenuto?post=2684"}],"curies":[{"name":"wp","href":"https:\/\/api.w.org\/{rel}","templated":true}]}}