{"id":2683,"date":"2024-03-14T15:02:14","date_gmt":"2024-03-14T14:02:14","guid":{"rendered":"https:\/\/www.cicciofamilyhotelpolsa.it\/winter\/gastronomie\/"},"modified":"2024-03-14T15:02:14","modified_gmt":"2024-03-14T14:02:14","slug":"gastronomie","status":"publish","type":"page","link":"https:\/\/www.cicciofamilyhotelpolsa.it\/de\/winter\/gastronomie\/","title":{"rendered":"Gastronomie"},"content":{"rendered":"<p>Oh, endlich essen wir! Und vieles. Fr\u00fchst\u00fcck, Mittagessen, Abendessen, super verst\u00e4rkter Snack, unbegrenzte Getr\u00e4nke, Softeis zum Mittag- und Abendessen. Hier kann man die Zugabe, das Trio, den Slipper machen, sich eigentlich nicht zur\u00fcckhalten, sich gehen lassen, jeden Moment und jeden Gang genie\u00dfen. Und es ist in Ordnung, viel zu essen, ok, aber was wirklich z\u00e4hlt, ist, gut zu essen, und dar\u00fcber brauchen Sie sich keine Sorgen zu machen: Ciccio wird sich um die Qualit\u00e4tspr\u00fcfung k\u00fcmmern. Wenn er sagt, dass es gro\u00dfartig ist, kann er die K\u00fcche verlassen.<\/p>\n","protected":false},"excerpt":{"rendered":"<p>Oh, endlich essen wir! Und vieles. Fr\u00fchst\u00fcck, Mittagessen, Abendessen, super verst\u00e4rkter Snack, unbegrenzte Getr\u00e4nke, Softeis zum Mittag- und Abendessen. Hier kann man die Zugabe, das Trio, den Slipper machen, sich eigentlich nicht zur\u00fcckhalten, sich gehen lassen, jeden Moment und jeden Gang genie\u00dfen. Und es ist in Ordnung, viel zu essen, ok, aber was wirklich z\u00e4hlt, [&hellip;]<\/p>\n","protected":false},"author":1,"featured_media":2403,"parent":2667,"menu_order":0,"comment_status":"closed","ping_status":"closed","template":"","meta":{"_acf_changed":false,"_breakdance_hide_in_design_set":false,"_breakdance_tags":"","footnotes":""},"sezione-contenuto":[13,12],"class_list":["post-2683","page","type-page","status-publish","has-post-thumbnail","hentry","sezione-contenuto-estate","sezione-contenuto-inverno"],"acf":[],"_links":{"self":[{"href":"https:\/\/www.cicciofamilyhotelpolsa.it\/de\/wp-json\/wp\/v2\/pages\/2683","targetHints":{"allow":["GET"]}}],"collection":[{"href":"https:\/\/www.cicciofamilyhotelpolsa.it\/de\/wp-json\/wp\/v2\/pages"}],"about":[{"href":"https:\/\/www.cicciofamilyhotelpolsa.it\/de\/wp-json\/wp\/v2\/types\/page"}],"author":[{"embeddable":true,"href":"https:\/\/www.cicciofamilyhotelpolsa.it\/de\/wp-json\/wp\/v2\/users\/1"}],"replies":[{"embeddable":true,"href":"https:\/\/www.cicciofamilyhotelpolsa.it\/de\/wp-json\/wp\/v2\/comments?post=2683"}],"version-history":[{"count":0,"href":"https:\/\/www.cicciofamilyhotelpolsa.it\/de\/wp-json\/wp\/v2\/pages\/2683\/revisions"}],"up":[{"embeddable":true,"href":"https:\/\/www.cicciofamilyhotelpolsa.it\/de\/wp-json\/wp\/v2\/pages\/2667"}],"wp:featuredmedia":[{"embeddable":true,"href":"https:\/\/www.cicciofamilyhotelpolsa.it\/de\/wp-json\/wp\/v2\/media\/2403"}],"wp:attachment":[{"href":"https:\/\/www.cicciofamilyhotelpolsa.it\/de\/wp-json\/wp\/v2\/media?parent=2683"}],"wp:term":[{"taxonomy":"sezione-contenuto","embeddable":true,"href":"https:\/\/www.cicciofamilyhotelpolsa.it\/de\/wp-json\/wp\/v2\/sezione-contenuto?post=2683"}],"curies":[{"name":"wp","href":"https:\/\/api.w.org\/{rel}","templated":true}]}}