{"id":2682,"date":"2024-03-14T15:08:30","date_gmt":"2024-03-14T14:08:30","guid":{"rendered":"https:\/\/www.cicciofamilyhotelpolsa.it\/winter\/pisten-und-skiinfos\/"},"modified":"2024-03-14T15:08:30","modified_gmt":"2024-03-14T14:08:30","slug":"pisten-und-skiinfos","status":"publish","type":"page","link":"https:\/\/www.cicciofamilyhotelpolsa.it\/de\/winter\/pisten-und-skiinfos\/","title":{"rendered":"Pisten und Skiinfos"},"content":{"rendered":"<p>Polsa, ein Wintersportparadies! Ebenfalls in Polsa befindet sich das Ciccio Hotel, ein Paradies f\u00fcr Familien, die die Berge als Ziel f\u00fcr ihren Winterurlaub w\u00e4hlen.<\/p>\n<p>Hier finden Sie alles, was Sie f\u00fcr eine unvergessliche Skiwoche brauchen: Pisten f\u00fcr jedes Alter, Skischulen mit qualifizierten Lehrern und einen Miniclub zur Unterhaltung der Kleinen. W\u00e4hrend die Kinder in aller Sicherheit Spa\u00df haben, k\u00f6nnen die Eltern ihre wohlverdiente Entspannung auf und abseits der Piste genie\u00dfen.<\/p>\n","protected":false},"excerpt":{"rendered":"<p>Polsa, ein Wintersportparadies! Ebenfalls in Polsa befindet sich das Ciccio Hotel, ein Paradies f\u00fcr Familien, die die Berge als Ziel f\u00fcr ihren Winterurlaub w\u00e4hlen. Hier finden Sie alles, was Sie f\u00fcr eine unvergessliche Skiwoche brauchen: Pisten f\u00fcr jedes Alter, Skischulen mit qualifizierten Lehrern und einen Miniclub zur Unterhaltung der Kleinen. W\u00e4hrend die Kinder in aller [&hellip;]<\/p>\n","protected":false},"author":1,"featured_media":2480,"parent":2667,"menu_order":0,"comment_status":"closed","ping_status":"closed","template":"","meta":{"_acf_changed":false,"_breakdance_hide_in_design_set":false,"_breakdance_tags":"","footnotes":""},"sezione-contenuto":[12],"class_list":["post-2682","page","type-page","status-publish","has-post-thumbnail","hentry","sezione-contenuto-inverno"],"acf":[],"_links":{"self":[{"href":"https:\/\/www.cicciofamilyhotelpolsa.it\/de\/wp-json\/wp\/v2\/pages\/2682","targetHints":{"allow":["GET"]}}],"collection":[{"href":"https:\/\/www.cicciofamilyhotelpolsa.it\/de\/wp-json\/wp\/v2\/pages"}],"about":[{"href":"https:\/\/www.cicciofamilyhotelpolsa.it\/de\/wp-json\/wp\/v2\/types\/page"}],"author":[{"embeddable":true,"href":"https:\/\/www.cicciofamilyhotelpolsa.it\/de\/wp-json\/wp\/v2\/users\/1"}],"replies":[{"embeddable":true,"href":"https:\/\/www.cicciofamilyhotelpolsa.it\/de\/wp-json\/wp\/v2\/comments?post=2682"}],"version-history":[{"count":0,"href":"https:\/\/www.cicciofamilyhotelpolsa.it\/de\/wp-json\/wp\/v2\/pages\/2682\/revisions"}],"up":[{"embeddable":true,"href":"https:\/\/www.cicciofamilyhotelpolsa.it\/de\/wp-json\/wp\/v2\/pages\/2667"}],"wp:featuredmedia":[{"embeddable":true,"href":"https:\/\/www.cicciofamilyhotelpolsa.it\/de\/wp-json\/wp\/v2\/media\/2480"}],"wp:attachment":[{"href":"https:\/\/www.cicciofamilyhotelpolsa.it\/de\/wp-json\/wp\/v2\/media?parent=2682"}],"wp:term":[{"taxonomy":"sezione-contenuto","embeddable":true,"href":"https:\/\/www.cicciofamilyhotelpolsa.it\/de\/wp-json\/wp\/v2\/sezione-contenuto?post=2682"}],"curies":[{"name":"wp","href":"https:\/\/api.w.org\/{rel}","templated":true}]}}