{"id":2679,"date":"2024-03-14T15:06:32","date_gmt":"2024-03-14T14:06:32","guid":{"rendered":"https:\/\/www.cicciofamilyhotelpolsa.it\/winter\/neue-zimmer-und-familienzimmer\/"},"modified":"2024-03-14T15:06:32","modified_gmt":"2024-03-14T14:06:32","slug":"neue-zimmer-und-familienzimmer","status":"publish","type":"page","link":"https:\/\/www.cicciofamilyhotelpolsa.it\/de\/winter\/neue-zimmer-und-familienzimmer\/","title":{"rendered":"Neue Zimmer und Familienzimmer"},"content":{"rendered":"<p>Wie gro\u00df ist Ihre Familie?<br \/>\nUnd wie gro\u00df ist Ihre Spiellust? Wie auch immer Ihre Antwort ausf\u00e4llt, hier gibt es ein Zimmer, das perfekt f\u00fcr Sie und Ihre ganze Familie ist. K\u00fcrzlich renovierte Zimmer und thematisch gestaltetes Super-Ciccio-Familienzimmer \u2026 weil wir Standards wirklich nicht m\u00f6gen.<\/p>\n<p>In jedem Zimmer finden Sie:<\/p>\n<p>kostenloses WLAN, Klimaanlage, Safe, eigenes Bad, Haartrockner, kostenlose Toilettenartikel.<\/p>\n<p>Sie haben au\u00dfergew\u00f6hnliche Bed\u00fcrfnisse? Glauben Sie, dass etwas fehlt? Geben Sie uns bei der Buchung Bescheid, wir werden alles tun, um Ihnen entgegenzukommen. Ciccio m\u00f6chte, dass seine G\u00e4ste supergl\u00fccklich sind!<\/p>\n","protected":false},"excerpt":{"rendered":"<p>Wie gro\u00df ist Ihre Familie? Und wie gro\u00df ist Ihre Spiellust? Wie auch immer Ihre Antwort ausf\u00e4llt, hier gibt es ein Zimmer, das perfekt f\u00fcr Sie und Ihre ganze Familie ist. K\u00fcrzlich renovierte Zimmer und thematisch gestaltetes Super-Ciccio-Familienzimmer \u2026 weil wir Standards wirklich nicht m\u00f6gen. In jedem Zimmer finden Sie: kostenloses WLAN, Klimaanlage, Safe, eigenes [&hellip;]<\/p>\n","protected":false},"author":1,"featured_media":2437,"parent":2667,"menu_order":0,"comment_status":"closed","ping_status":"closed","template":"","meta":{"_acf_changed":false,"_breakdance_hide_in_design_set":false,"_breakdance_tags":"","footnotes":""},"sezione-contenuto":[13,12],"class_list":["post-2679","page","type-page","status-publish","has-post-thumbnail","hentry","sezione-contenuto-estate","sezione-contenuto-inverno"],"acf":[],"_links":{"self":[{"href":"https:\/\/www.cicciofamilyhotelpolsa.it\/de\/wp-json\/wp\/v2\/pages\/2679","targetHints":{"allow":["GET"]}}],"collection":[{"href":"https:\/\/www.cicciofamilyhotelpolsa.it\/de\/wp-json\/wp\/v2\/pages"}],"about":[{"href":"https:\/\/www.cicciofamilyhotelpolsa.it\/de\/wp-json\/wp\/v2\/types\/page"}],"author":[{"embeddable":true,"href":"https:\/\/www.cicciofamilyhotelpolsa.it\/de\/wp-json\/wp\/v2\/users\/1"}],"replies":[{"embeddable":true,"href":"https:\/\/www.cicciofamilyhotelpolsa.it\/de\/wp-json\/wp\/v2\/comments?post=2679"}],"version-history":[{"count":0,"href":"https:\/\/www.cicciofamilyhotelpolsa.it\/de\/wp-json\/wp\/v2\/pages\/2679\/revisions"}],"up":[{"embeddable":true,"href":"https:\/\/www.cicciofamilyhotelpolsa.it\/de\/wp-json\/wp\/v2\/pages\/2667"}],"wp:featuredmedia":[{"embeddable":true,"href":"https:\/\/www.cicciofamilyhotelpolsa.it\/de\/wp-json\/wp\/v2\/media\/2437"}],"wp:attachment":[{"href":"https:\/\/www.cicciofamilyhotelpolsa.it\/de\/wp-json\/wp\/v2\/media?parent=2679"}],"wp:term":[{"taxonomy":"sezione-contenuto","embeddable":true,"href":"https:\/\/www.cicciofamilyhotelpolsa.it\/de\/wp-json\/wp\/v2\/sezione-contenuto?post=2679"}],"curies":[{"name":"wp","href":"https:\/\/api.w.org\/{rel}","templated":true}]}}