{"id":2677,"date":"2024-03-14T15:02:39","date_gmt":"2024-03-14T14:02:39","guid":{"rendered":"https:\/\/www.cicciofamilyhotelpolsa.it\/winter\/family-all-inclusive\/"},"modified":"2024-03-14T15:02:39","modified_gmt":"2024-03-14T14:02:39","slug":"family-all-inclusive","status":"publish","type":"page","link":"https:\/\/www.cicciofamilyhotelpolsa.it\/de\/winter\/family-all-inclusive\/","title":{"rendered":"Family All Inclusive"},"content":{"rendered":"<h2><strong>All Inclusive<\/strong><\/h2>\n<p>Alles inklusive<br \/>\nMehr Zeit f\u00fcr die Dinge, die Sie lieben. F\u00fcr Ihre Familie, Ihre Kinder. F\u00fcr dich. Genau daf\u00fcr ist das All-Inclusive-Paket da: damit Sie einen Urlaub in den Bergen ohne Sorgen, ohne unerwartete Ereignisse, Pannen verbringen k\u00f6nnen, kurz gesagt, Sie verstehen schon. Unter der Leitung von Ciccio ist alles bereit, um Ihre Familie willkommen zu hei\u00dfen: Fr\u00fchst\u00fcck, Mittagessen, Abendessen und so weiter. Und zwischendurch gibt es Spiel, Spa\u00df, Schwimmbad, Wellness, Entspannung. Wiederholen Sie den Vorgang. So jeden Tag Ihres Bergurlaubs.<\/p>\n<p>Was beinhaltet das All-Inclusive-Paket?<br \/>\nGute Beobachtung, hier ist die Liste:<\/p>\n<ul>\n<li>Super Fr\u00fchst\u00fcck<\/li>\n<li>Kaffee und Cappuccino ohne Grenzen zu jeder Tageszeit<\/li>\n<li>Mittag- und Abendbuffet<\/li>\n<li>Lunchpaket auf Anfrage, falls Sie lieber den ganzen Tag auf der Piste bleiben m\u00f6chte<\/li>\n<li>Kindermen\u00fc mit speziellen Angeboten f\u00fcr sie<br \/>\nWasser und Softdrinks (Cola, Orangensaft, Pfirsichtee, Zitronentee und Fruchts\u00e4fte) den ganzen Tag inklusive<\/li>\n<li>Wei\u00dfwein, Rotwein und Fassbier zu den Mahlzeiten inklusive<\/li>\n<li>SUPER Nachmittagssnack<\/li>\n<li>2 Skip\u00e4sse (1 Erwachsener + 1 Kind) pro Zimmer bis zum Vortag der Abreise inklusive<\/li>\n<li>Typischer Trentiner Abend<\/li>\n<li>Willkommens-Ap\u00e9ro einmal w\u00f6chentlich<br \/>\nTypischer Romagna-Abend<\/li>\n<\/ul>\n","protected":false},"excerpt":{"rendered":"<p>All Inclusive Alles inklusive Mehr Zeit f\u00fcr die Dinge, die Sie lieben. F\u00fcr Ihre Familie, Ihre Kinder. F\u00fcr dich. Genau daf\u00fcr ist das All-Inclusive-Paket da: damit Sie einen Urlaub in den Bergen ohne Sorgen, ohne unerwartete Ereignisse, Pannen verbringen k\u00f6nnen, kurz gesagt, Sie verstehen schon. Unter der Leitung von Ciccio ist alles bereit, um Ihre [&hellip;]<\/p>\n","protected":false},"author":1,"featured_media":2312,"parent":2667,"menu_order":0,"comment_status":"closed","ping_status":"closed","template":"","meta":{"_acf_changed":false,"_breakdance_hide_in_design_set":false,"_breakdance_tags":"","footnotes":""},"sezione-contenuto":[13,12],"class_list":["post-2677","page","type-page","status-publish","has-post-thumbnail","hentry","sezione-contenuto-estate","sezione-contenuto-inverno"],"acf":[],"_links":{"self":[{"href":"https:\/\/www.cicciofamilyhotelpolsa.it\/de\/wp-json\/wp\/v2\/pages\/2677","targetHints":{"allow":["GET"]}}],"collection":[{"href":"https:\/\/www.cicciofamilyhotelpolsa.it\/de\/wp-json\/wp\/v2\/pages"}],"about":[{"href":"https:\/\/www.cicciofamilyhotelpolsa.it\/de\/wp-json\/wp\/v2\/types\/page"}],"author":[{"embeddable":true,"href":"https:\/\/www.cicciofamilyhotelpolsa.it\/de\/wp-json\/wp\/v2\/users\/1"}],"replies":[{"embeddable":true,"href":"https:\/\/www.cicciofamilyhotelpolsa.it\/de\/wp-json\/wp\/v2\/comments?post=2677"}],"version-history":[{"count":0,"href":"https:\/\/www.cicciofamilyhotelpolsa.it\/de\/wp-json\/wp\/v2\/pages\/2677\/revisions"}],"up":[{"embeddable":true,"href":"https:\/\/www.cicciofamilyhotelpolsa.it\/de\/wp-json\/wp\/v2\/pages\/2667"}],"wp:featuredmedia":[{"embeddable":true,"href":"https:\/\/www.cicciofamilyhotelpolsa.it\/de\/wp-json\/wp\/v2\/media\/2312"}],"wp:attachment":[{"href":"https:\/\/www.cicciofamilyhotelpolsa.it\/de\/wp-json\/wp\/v2\/media?parent=2677"}],"wp:term":[{"taxonomy":"sezione-contenuto","embeddable":true,"href":"https:\/\/www.cicciofamilyhotelpolsa.it\/de\/wp-json\/wp\/v2\/sezione-contenuto?post=2677"}],"curies":[{"name":"wp","href":"https:\/\/api.w.org\/{rel}","templated":true}]}}