{"id":2670,"date":"2024-03-14T15:01:10","date_gmt":"2024-03-14T14:01:10","guid":{"rendered":"https:\/\/www.cicciofamilyhotelpolsa.it\/winter\/ciccio-family-hotel-im-winter\/"},"modified":"2024-03-14T15:01:10","modified_gmt":"2024-03-14T14:01:10","slug":"ciccio-family-hotel-im-winter","status":"publish","type":"page","link":"https:\/\/www.cicciofamilyhotelpolsa.it\/de\/winter\/ciccio-family-hotel-im-winter\/","title":{"rendered":"Ciccio Family Hotel im Winter"},"content":{"rendered":"<p>Im Herzen des Trentino gibt es ein superlustiges, supersch\u00f6nes Familienhotel, das von Ciccio gef\u00fchrt wird. Ein Kaninchen. Ernsthaft. Ciccio ist hier der unangefochtene Chef: ein geborener Entertainer, immer lieb und verschmust, ein Feinschmecker, ein Liebhaber des Schnees und vieler anderer sch\u00f6ner Dinge. Aber gehen wir zur\u00fcck zum Hotel.<\/p>\n<p>Wir sind in Polsa im Trentino, wo der Schnee im Winter verr\u00fcckte Landschaften schafft. Vergessen Sie Langeweile, denn hier ist jeder Tag ein wei\u00dfes Abenteuer! Die Tage beginnen mit dem Blick auf verschneite Landschaften, weiter geht es mit einem Mega-Fr\u00fchst\u00fcck und ab auf die Piste, in den Wald, auf die megagro\u00dfen Spielpl\u00e4tze.<\/p>\n<p>Und die Zimmer? Sie sind der Beweis f\u00fcr eine gro\u00dfe, gro\u00dfe Familie! Ger\u00e4umig genug f\u00fcr Kissenschlachten oder Versteckspiele. Aber vor allem: frisch renoviert, gepflegt und mit allem Komfort, den eine Familie braucht.<\/p>\n<p>Es gibt auch ein Schwimmbad und ein Wellnesscenter! Was f\u00fcr sch\u00f6ne Worte, nicht wahr? W\u00e4hrend die Kinder unseren Spielbereich erkunden, k\u00f6nnen Sie im Ciccio Pool mit atemberaubender Aussicht auf die Berge entspannen. Und die Aktivit\u00e4ten? Oh, hier ist f\u00fcr jeden etwas dabei! Schneeausfl\u00fcge, Trekking, Skifahren, vergn\u00fcgliche Abende mit Unterhaltung f\u00fcr die ganze Familie. Denken Sie jedoch immer daran, vor Ihrer Abreise im Kaninchenstall vorbeizuschauen, um Ciccio und seine kleinen Freunde zu begr\u00fc\u00dfen.<\/p>\n","protected":false},"excerpt":{"rendered":"<p>Im Herzen des Trentino gibt es ein superlustiges, supersch\u00f6nes Familienhotel, das von Ciccio gef\u00fchrt wird. Ein Kaninchen. Ernsthaft. Ciccio ist hier der unangefochtene Chef: ein geborener Entertainer, immer lieb und verschmust, ein Feinschmecker, ein Liebhaber des Schnees und vieler anderer sch\u00f6ner Dinge. Aber gehen wir zur\u00fcck zum Hotel. Wir sind in Polsa im Trentino, wo [&hellip;]<\/p>\n","protected":false},"author":1,"featured_media":1827,"parent":2667,"menu_order":0,"comment_status":"closed","ping_status":"closed","template":"","meta":{"_acf_changed":false,"_breakdance_hide_in_design_set":false,"_breakdance_tags":"","footnotes":""},"sezione-contenuto":[12],"class_list":["post-2670","page","type-page","status-publish","has-post-thumbnail","hentry","sezione-contenuto-inverno"],"acf":[],"_links":{"self":[{"href":"https:\/\/www.cicciofamilyhotelpolsa.it\/de\/wp-json\/wp\/v2\/pages\/2670","targetHints":{"allow":["GET"]}}],"collection":[{"href":"https:\/\/www.cicciofamilyhotelpolsa.it\/de\/wp-json\/wp\/v2\/pages"}],"about":[{"href":"https:\/\/www.cicciofamilyhotelpolsa.it\/de\/wp-json\/wp\/v2\/types\/page"}],"author":[{"embeddable":true,"href":"https:\/\/www.cicciofamilyhotelpolsa.it\/de\/wp-json\/wp\/v2\/users\/1"}],"replies":[{"embeddable":true,"href":"https:\/\/www.cicciofamilyhotelpolsa.it\/de\/wp-json\/wp\/v2\/comments?post=2670"}],"version-history":[{"count":0,"href":"https:\/\/www.cicciofamilyhotelpolsa.it\/de\/wp-json\/wp\/v2\/pages\/2670\/revisions"}],"up":[{"embeddable":true,"href":"https:\/\/www.cicciofamilyhotelpolsa.it\/de\/wp-json\/wp\/v2\/pages\/2667"}],"wp:featuredmedia":[{"embeddable":true,"href":"https:\/\/www.cicciofamilyhotelpolsa.it\/de\/wp-json\/wp\/v2\/media\/1827"}],"wp:attachment":[{"href":"https:\/\/www.cicciofamilyhotelpolsa.it\/de\/wp-json\/wp\/v2\/media?parent=2670"}],"wp:term":[{"taxonomy":"sezione-contenuto","embeddable":true,"href":"https:\/\/www.cicciofamilyhotelpolsa.it\/de\/wp-json\/wp\/v2\/sezione-contenuto?post=2670"}],"curies":[{"name":"wp","href":"https:\/\/api.w.org\/{rel}","templated":true}]}}