{"id":2667,"date":"2024-03-13T10:04:52","date_gmt":"2024-03-13T09:04:52","guid":{"rendered":"https:\/\/www.cicciofamilyhotelpolsa.it\/winter\/"},"modified":"2025-04-10T22:44:21","modified_gmt":"2025-04-10T20:44:21","slug":"winter","status":"publish","type":"page","link":"https:\/\/www.cicciofamilyhotelpolsa.it\/de\/winter\/","title":{"rendered":"Winter"},"content":{"rendered":"<p>Haben wir Kaninchen in den Bergen?<br \/>\nWie viele m\u00f6chtest du? Und es gibt eines, das besonders freundlich und nett ist: Ciccio!<br \/>\nAber verwechsel ihn nicht mit einem Maskottchen oder einem Haustier; Ciccio ist der Direktor eines super-stra-mega lustigen Familienhotels.<\/p>\n<h2>Spa\u00df, Unterhaltung und Entspannung<\/h2>\n<p>Es gibt Spielbereiche sowohl drinnen als auch drau\u00dfen im Familienhotel, denn ohne Spiele w\u00e4re es nicht wirklich familienfreundlich.<br \/>\nWir sprechen von Freizeitbereichen mit sicheren, gut ausgestatteten digitalen und analogen Spielen, die immer vom Personal beaufsichtigt werden.<br \/>\nEs gibt auch \u201eSnackbereiche\u201c f\u00fcr Kinder von null bis vier Jahren mit weichen Spielzeugen, die speziell f\u00fcr sie entworfen wurden. Es gibt sogar einen Juniorbereich mit einer PlayStation 5 (boom!) und anderen fantastischen Spielen f\u00fcr Kinder. Und dann, endlose Gr\u00fcnfl\u00e4chen, die frische Luft des Trentino und\u2026 ein Dorf mit Kaninchen!<\/p>\n<p>In der Zwischenzeit&#8230; entspannen sich die Eltern!<br \/>\nDer Pool, das Spa mit t\u00fcrkischem Bad, die Sauna und die Erlebnisdusche sind eine gro\u00dfartige M\u00f6glichkeit, sich von der Routine zu erholen, oder?<\/p>\n<h2>Brandneue Themenzimmer<\/h2>\n<p>Wir mochten noch nie identische Zimmer. Wir bevorzugen thematische, farbenfrohe und lebhafte Zimmer.<br \/>\nAlle k\u00fcrzlich eingerichtet und von Ciccio pers\u00f6nlich von oben bis unten \u00fcberpr\u00fcft.<\/p>\n<h2>Haustierfreundlich, nat\u00fcrlich<\/h2>\n<p>Tiere sind Teil der Familie, also sind sie willkommen. Aber in einem Familienhotel, in dem der Direktor ein Kaninchen ist, wie k\u00f6nnten wir auch nur denken, dass Hunde, Nagetiere, V\u00f6gel und Krokodile drau\u00dfen bleiben sollten? Ups, vielleicht sollten wir vorher einmal mit den Krokodilen sprechen, nur um sicherzugehen.<\/p>\n","protected":false},"excerpt":{"rendered":"<p>Haben wir Kaninchen in den Bergen? Wie viele m\u00f6chtest du? Und es gibt eines, das besonders freundlich und nett ist: Ciccio! Aber verwechsel ihn nicht mit einem Maskottchen oder einem Haustier; Ciccio ist der Direktor eines super-stra-mega lustigen Familienhotels. Spa\u00df, Unterhaltung und Entspannung Es gibt Spielbereiche sowohl drinnen als auch drau\u00dfen im Familienhotel, denn ohne [&hellip;]<\/p>\n","protected":false},"author":1,"featured_media":2554,"parent":0,"menu_order":0,"comment_status":"closed","ping_status":"closed","template":"","meta":{"_acf_changed":false,"_breakdance_hide_in_design_set":false,"_breakdance_tags":"","footnotes":""},"sezione-contenuto":[12],"class_list":["post-2667","page","type-page","status-publish","has-post-thumbnail","hentry","sezione-contenuto-inverno"],"acf":[],"_links":{"self":[{"href":"https:\/\/www.cicciofamilyhotelpolsa.it\/de\/wp-json\/wp\/v2\/pages\/2667","targetHints":{"allow":["GET"]}}],"collection":[{"href":"https:\/\/www.cicciofamilyhotelpolsa.it\/de\/wp-json\/wp\/v2\/pages"}],"about":[{"href":"https:\/\/www.cicciofamilyhotelpolsa.it\/de\/wp-json\/wp\/v2\/types\/page"}],"author":[{"embeddable":true,"href":"https:\/\/www.cicciofamilyhotelpolsa.it\/de\/wp-json\/wp\/v2\/users\/1"}],"replies":[{"embeddable":true,"href":"https:\/\/www.cicciofamilyhotelpolsa.it\/de\/wp-json\/wp\/v2\/comments?post=2667"}],"version-history":[{"count":1,"href":"https:\/\/www.cicciofamilyhotelpolsa.it\/de\/wp-json\/wp\/v2\/pages\/2667\/revisions"}],"predecessor-version":[{"id":2678,"href":"https:\/\/www.cicciofamilyhotelpolsa.it\/de\/wp-json\/wp\/v2\/pages\/2667\/revisions\/2678"}],"wp:featuredmedia":[{"embeddable":true,"href":"https:\/\/www.cicciofamilyhotelpolsa.it\/de\/wp-json\/wp\/v2\/media\/2554"}],"wp:attachment":[{"href":"https:\/\/www.cicciofamilyhotelpolsa.it\/de\/wp-json\/wp\/v2\/media?parent=2667"}],"wp:term":[{"taxonomy":"sezione-contenuto","embeddable":true,"href":"https:\/\/www.cicciofamilyhotelpolsa.it\/de\/wp-json\/wp\/v2\/sezione-contenuto?post=2667"}],"curies":[{"name":"wp","href":"https:\/\/api.w.org\/{rel}","templated":true}]}}