{"id":2666,"date":"2024-04-19T11:56:45","date_gmt":"2024-04-19T09:56:45","guid":{"rendered":"https:\/\/www.cicciofamilyhotelpolsa.it\/sommer\/gebiet\/"},"modified":"2024-04-19T11:56:45","modified_gmt":"2024-04-19T09:56:45","slug":"gebiet","status":"publish","type":"page","link":"https:\/\/www.cicciofamilyhotelpolsa.it\/de\/sommer\/gebiet\/","title":{"rendered":"Gebiet"},"content":{"rendered":"<p>Polsa und Brentonico sind herrliche Touristenziele inmitten der gr\u00fcnen Hochebene des Monte Baldo im Herzen des Trentino. Im Sommer verwandeln sich diese Orte in wahre Paradiese f\u00fcr Liebhaber der Natur, von Outdoor-Aktivit\u00e4ten und Entspannung.<\/p>\n<p>Die M\u00f6glichkeiten, sich in Polsa zu vergn\u00fcgen, sind endlos und f\u00fcr jeden Geschmack etwas dabei. Die gut markierten und landschaftlich reizvollen Wanderwege bieten ideale Routen f\u00fcr Trekking, Familienwanderungen und Mountainbike-Abenteuer. Von den einfachsten bis zu den anspruchsvollsten Routen bieten sie atemberaubende Ausblicke auf die Dolomiten und den Gardasee. F\u00fcr alle, die Adrenalin lieben, gibt es zahlreiche Bikeparks und Downhill-Strecken, perfekt f\u00fcr Zweirad-Enthusiasten.<\/p>\n<p>F\u00fcr Kinder bieten Polsa und Brentonico Spiel- und Spa\u00dfbereiche wie Abenteuerparks mitten im Wald, p\u00e4dagogische Bauernh\u00f6fe, auf denen sie etwas \u00fcber Tiere lernen k\u00f6nnen, und Outdoor-Aktivit\u00e4ten wie Orientierungslauf und kreative Workshops in der Natur. Die Kleinen k\u00f6nnen auch an gef\u00fchrten Ausfl\u00fcgen teilnehmen, um die Flora und Fauna des Monte Baldo zu entdecken und so jeden Tag in ein lehrreiches und spannendes Erlebnis zu verwandeln.<\/p>\n<p>Familien finden an diesen Standorten einladende Einrichtungen und spezielle Dienstleistungen, wie etwa Hotels mit Spielbereichen, Unterhaltung und Miniclubs. Dar\u00fcber hinaus werden w\u00e4hrend der gesamten Sommersaison Veranstaltungen und Vorf\u00fchrungen organisiert, darunter Open-Air-Shows, Konzerte, typische M\u00e4rkte und Unterhaltungsabende f\u00fcr Erwachsene und Kinder.<\/p>\n<p>Die entspannte Atmosph\u00e4re, die unber\u00fchrte Sch\u00f6nheit der Natur und die typische Trentiner Gastfreundschaft machen Polsa und Brentonico zum perfekten Ziel f\u00fcr einen Sommerurlaub im Zeichen des Wohlbefindens, des Spa\u00dfes und der Entdeckung.<\/p>\n","protected":false},"excerpt":{"rendered":"<p>Polsa und Brentonico sind herrliche Touristenziele inmitten der gr\u00fcnen Hochebene des Monte Baldo im Herzen des Trentino. Im Sommer verwandeln sich diese Orte in wahre Paradiese f\u00fcr Liebhaber der Natur, von Outdoor-Aktivit\u00e4ten und Entspannung. Die M\u00f6glichkeiten, sich in Polsa zu vergn\u00fcgen, sind endlos und f\u00fcr jeden Geschmack etwas dabei. Die gut markierten und landschaftlich reizvollen [&hellip;]<\/p>\n","protected":false},"author":1,"featured_media":1423,"parent":2600,"menu_order":0,"comment_status":"closed","ping_status":"closed","template":"","meta":{"_acf_changed":false,"_breakdance_hide_in_design_set":false,"_breakdance_tags":"","footnotes":""},"sezione-contenuto":[13],"class_list":["post-2666","page","type-page","status-publish","has-post-thumbnail","hentry","sezione-contenuto-estate"],"acf":[],"_links":{"self":[{"href":"https:\/\/www.cicciofamilyhotelpolsa.it\/de\/wp-json\/wp\/v2\/pages\/2666","targetHints":{"allow":["GET"]}}],"collection":[{"href":"https:\/\/www.cicciofamilyhotelpolsa.it\/de\/wp-json\/wp\/v2\/pages"}],"about":[{"href":"https:\/\/www.cicciofamilyhotelpolsa.it\/de\/wp-json\/wp\/v2\/types\/page"}],"author":[{"embeddable":true,"href":"https:\/\/www.cicciofamilyhotelpolsa.it\/de\/wp-json\/wp\/v2\/users\/1"}],"replies":[{"embeddable":true,"href":"https:\/\/www.cicciofamilyhotelpolsa.it\/de\/wp-json\/wp\/v2\/comments?post=2666"}],"version-history":[{"count":0,"href":"https:\/\/www.cicciofamilyhotelpolsa.it\/de\/wp-json\/wp\/v2\/pages\/2666\/revisions"}],"up":[{"embeddable":true,"href":"https:\/\/www.cicciofamilyhotelpolsa.it\/de\/wp-json\/wp\/v2\/pages\/2600"}],"wp:featuredmedia":[{"embeddable":true,"href":"https:\/\/www.cicciofamilyhotelpolsa.it\/de\/wp-json\/wp\/v2\/media\/1423"}],"wp:attachment":[{"href":"https:\/\/www.cicciofamilyhotelpolsa.it\/de\/wp-json\/wp\/v2\/media?parent=2666"}],"wp:term":[{"taxonomy":"sezione-contenuto","embeddable":true,"href":"https:\/\/www.cicciofamilyhotelpolsa.it\/de\/wp-json\/wp\/v2\/sezione-contenuto?post=2666"}],"curies":[{"name":"wp","href":"https:\/\/api.w.org\/{rel}","templated":true}]}}