{"id":2665,"date":"2024-04-19T11:55:40","date_gmt":"2024-04-19T09:55:40","guid":{"rendered":"https:\/\/www.cicciofamilyhotelpolsa.it\/sommer\/family-paradise-dienstleistungen\/"},"modified":"2024-04-19T11:55:40","modified_gmt":"2024-04-19T09:55:40","slug":"family-paradise-dienstleistungen","status":"publish","type":"page","link":"https:\/\/www.cicciofamilyhotelpolsa.it\/de\/sommer\/family-paradise-dienstleistungen\/","title":{"rendered":"Family Paradise Dienstleistungen"},"content":{"rendered":"<p>In einem Familienhotel wird das Wort \u201eDienstleistungen\u201c seeeehr ernst genommen. Im Ciccio Family Hotel in Polsa ist es ein absolutes Muss. Dienstleistungen bedeuten, dass dir alles zur Verf\u00fcgung steht, um einen sorgenfreien Urlaub in den Bergen zu genie\u00dfen, mit Unterhaltung, Unterst\u00fctzung, Sicherheit und Ruhe. Wie gro\u00df ist deine Familie? Kein Problem, hier findest du alles f\u00fcr jeden und f\u00fcr jeden Moment des Tages. Einrichtungen, Ausstattung, Unterhaltung, Flexibilit\u00e4t, Kompetenz und wirklich familiengerechte L\u00f6sungen.<\/p>\n","protected":false},"excerpt":{"rendered":"<p>In einem Familienhotel wird das Wort \u201eDienstleistungen\u201c seeeehr ernst genommen. Im Ciccio Family Hotel in Polsa ist es ein absolutes Muss. Dienstleistungen bedeuten, dass dir alles zur Verf\u00fcgung steht, um einen sorgenfreien Urlaub in den Bergen zu genie\u00dfen, mit Unterhaltung, Unterst\u00fctzung, Sicherheit und Ruhe. Wie gro\u00df ist deine Familie? Kein Problem, hier findest du alles [&hellip;]<\/p>\n","protected":false},"author":1,"featured_media":2291,"parent":2600,"menu_order":0,"comment_status":"closed","ping_status":"closed","template":"","meta":{"_acf_changed":false,"_breakdance_hide_in_design_set":false,"_breakdance_tags":"","footnotes":""},"sezione-contenuto":[13],"class_list":["post-2665","page","type-page","status-publish","has-post-thumbnail","hentry","sezione-contenuto-estate"],"acf":[],"_links":{"self":[{"href":"https:\/\/www.cicciofamilyhotelpolsa.it\/de\/wp-json\/wp\/v2\/pages\/2665","targetHints":{"allow":["GET"]}}],"collection":[{"href":"https:\/\/www.cicciofamilyhotelpolsa.it\/de\/wp-json\/wp\/v2\/pages"}],"about":[{"href":"https:\/\/www.cicciofamilyhotelpolsa.it\/de\/wp-json\/wp\/v2\/types\/page"}],"author":[{"embeddable":true,"href":"https:\/\/www.cicciofamilyhotelpolsa.it\/de\/wp-json\/wp\/v2\/users\/1"}],"replies":[{"embeddable":true,"href":"https:\/\/www.cicciofamilyhotelpolsa.it\/de\/wp-json\/wp\/v2\/comments?post=2665"}],"version-history":[{"count":0,"href":"https:\/\/www.cicciofamilyhotelpolsa.it\/de\/wp-json\/wp\/v2\/pages\/2665\/revisions"}],"up":[{"embeddable":true,"href":"https:\/\/www.cicciofamilyhotelpolsa.it\/de\/wp-json\/wp\/v2\/pages\/2600"}],"wp:featuredmedia":[{"embeddable":true,"href":"https:\/\/www.cicciofamilyhotelpolsa.it\/de\/wp-json\/wp\/v2\/media\/2291"}],"wp:attachment":[{"href":"https:\/\/www.cicciofamilyhotelpolsa.it\/de\/wp-json\/wp\/v2\/media?parent=2665"}],"wp:term":[{"taxonomy":"sezione-contenuto","embeddable":true,"href":"https:\/\/www.cicciofamilyhotelpolsa.it\/de\/wp-json\/wp\/v2\/sezione-contenuto?post=2665"}],"curies":[{"name":"wp","href":"https:\/\/api.w.org\/{rel}","templated":true}]}}