{"id":2664,"date":"2024-04-19T11:54:48","date_gmt":"2024-04-19T09:54:48","guid":{"rendered":"https:\/\/www.cicciofamilyhotelpolsa.it\/sommer\/gastronomie\/"},"modified":"2024-04-19T11:54:48","modified_gmt":"2024-04-19T09:54:48","slug":"gastronomie","status":"publish","type":"page","link":"https:\/\/www.cicciofamilyhotelpolsa.it\/de\/sommer\/gastronomie\/","title":{"rendered":"Gastronomie"},"content":{"rendered":"<p>Oh, endlich essen! Und viel. Fr\u00fchst\u00fcck, Mittagessen, Abendessen, Super-Snacks, unbegrenzt Getr\u00e4nke, wann immer du m\u00f6chtest. Hier kannst du Nachschlag, Dritten und den letzten Rest mit Brot genie\u00dfen\u2014halte dich nicht zur\u00fcck, lass dich gehen, genie\u00dfe jeden Moment und jeden Gang. Und ja, viel essen ist in Ordnung, aber was wirklich z\u00e4hlt, ist gut zu essen, und dar\u00fcber brauchst du dir keine Sorgen zu machen: Ciccio \u00fcbernimmt den Qualit\u00e4tscheck. Wenn er sagt, dass es hervorragend ist, dann kann es die K\u00fcche verlassen.<\/p>\n","protected":false},"excerpt":{"rendered":"<p>Oh, endlich essen! Und viel. Fr\u00fchst\u00fcck, Mittagessen, Abendessen, Super-Snacks, unbegrenzt Getr\u00e4nke, wann immer du m\u00f6chtest. Hier kannst du Nachschlag, Dritten und den letzten Rest mit Brot genie\u00dfen\u2014halte dich nicht zur\u00fcck, lass dich gehen, genie\u00dfe jeden Moment und jeden Gang. Und ja, viel essen ist in Ordnung, aber was wirklich z\u00e4hlt, ist gut zu essen, und [&hellip;]<\/p>\n","protected":false},"author":1,"featured_media":2347,"parent":2600,"menu_order":0,"comment_status":"closed","ping_status":"closed","template":"","meta":{"_acf_changed":false,"_breakdance_hide_in_design_set":false,"_breakdance_tags":"","footnotes":""},"sezione-contenuto":[13],"class_list":["post-2664","page","type-page","status-publish","has-post-thumbnail","hentry","sezione-contenuto-estate"],"acf":[],"_links":{"self":[{"href":"https:\/\/www.cicciofamilyhotelpolsa.it\/de\/wp-json\/wp\/v2\/pages\/2664","targetHints":{"allow":["GET"]}}],"collection":[{"href":"https:\/\/www.cicciofamilyhotelpolsa.it\/de\/wp-json\/wp\/v2\/pages"}],"about":[{"href":"https:\/\/www.cicciofamilyhotelpolsa.it\/de\/wp-json\/wp\/v2\/types\/page"}],"author":[{"embeddable":true,"href":"https:\/\/www.cicciofamilyhotelpolsa.it\/de\/wp-json\/wp\/v2\/users\/1"}],"replies":[{"embeddable":true,"href":"https:\/\/www.cicciofamilyhotelpolsa.it\/de\/wp-json\/wp\/v2\/comments?post=2664"}],"version-history":[{"count":0,"href":"https:\/\/www.cicciofamilyhotelpolsa.it\/de\/wp-json\/wp\/v2\/pages\/2664\/revisions"}],"up":[{"embeddable":true,"href":"https:\/\/www.cicciofamilyhotelpolsa.it\/de\/wp-json\/wp\/v2\/pages\/2600"}],"wp:featuredmedia":[{"embeddable":true,"href":"https:\/\/www.cicciofamilyhotelpolsa.it\/de\/wp-json\/wp\/v2\/media\/2347"}],"wp:attachment":[{"href":"https:\/\/www.cicciofamilyhotelpolsa.it\/de\/wp-json\/wp\/v2\/media?parent=2664"}],"wp:term":[{"taxonomy":"sezione-contenuto","embeddable":true,"href":"https:\/\/www.cicciofamilyhotelpolsa.it\/de\/wp-json\/wp\/v2\/sezione-contenuto?post=2664"}],"curies":[{"name":"wp","href":"https:\/\/api.w.org\/{rel}","templated":true}]}}