{"id":2662,"date":"2024-04-19T11:56:09","date_gmt":"2024-04-19T09:56:09","guid":{"rendered":"https:\/\/www.cicciofamilyhotelpolsa.it\/sommer\/sommererlebnisse\/"},"modified":"2025-04-24T10:54:12","modified_gmt":"2025-04-24T08:54:12","slug":"sommererlebnisse","status":"publish","type":"page","link":"https:\/\/www.cicciofamilyhotelpolsa.it\/de\/sommer\/sommererlebnisse\/","title":{"rendered":"Sommererlebnisse"},"content":{"rendered":"<div class=\"flex max-w-full flex-col flex-grow\">\n<div class=\"min-h-8 text-message flex w-full flex-col items-end gap-2 whitespace-normal break-words [.text-message+&amp;]:mt-5\" dir=\"auto\" data-message-author-role=\"assistant\" data-message-id=\"9b235033-f30f-4121-9a94-f191588c23c1\" data-message-model-slug=\"gpt-4o\">\n<div class=\"flex w-full flex-col gap-1 empty:hidden first:pt-[3px]\">\n<div class=\"markdown prose w-full break-words dark:prose-invert light\">\n<p class=\"\" data-start=\"0\" data-end=\"20\"><strong data-start=\"0\" data-end=\"20\">Polsa im Sommer?<\/strong><\/p>\n<p class=\"\" data-start=\"22\" data-end=\"253\">Ein absoluter Geheimtipp! Zwischen Wow-Ausblicken, frischer Bergluft und null Stress verliebt sich hier selbst der gr\u00f6\u00dfte Couch-Fan in die Natur. Kinder, Erwachsene, fitte Gro\u00dfeltern \u2013 hier ist wirklich f\u00fcr alle Platz, versprochen.<\/p>\n<p class=\"\" data-start=\"255\" data-end=\"453\">Und wenn du das <strong>All-Inclusive-Paket<\/strong> w\u00e4hlst, nehmen wir dich sogar mit auf Tour: <strong>Zwei gef\u00fchrte Wanderungen pro Woche<\/strong> mit einem <strong>einheimischen Guide<\/strong>, der jeden Pfad (und jede Legende) der Gegend kennt.<\/p>\n<p class=\"\" data-start=\"455\" data-end=\"579\">Rucksack auf, Lachen garantiert, Stories bereit zum Posten. Du bringst nur bequeme Schuhe mit \u2013 um den Rest k\u00fcmmern wir uns!<\/p>\n<\/div>\n<\/div>\n<\/div>\n<\/div>\n","protected":false},"excerpt":{"rendered":"<p>Polsa im Sommer? Ein absoluter Geheimtipp! Zwischen Wow-Ausblicken, frischer Bergluft und null Stress verliebt sich hier selbst der gr\u00f6\u00dfte Couch-Fan in die Natur. Kinder, Erwachsene, fitte Gro\u00dfeltern \u2013 hier ist wirklich f\u00fcr alle Platz, versprochen. Und wenn du das All-Inclusive-Paket w\u00e4hlst, nehmen wir dich sogar mit auf Tour: Zwei gef\u00fchrte Wanderungen pro Woche mit einem [&hellip;]<\/p>\n","protected":false},"author":1,"featured_media":1257,"parent":2600,"menu_order":0,"comment_status":"closed","ping_status":"closed","template":"","meta":{"_acf_changed":false,"_breakdance_hide_in_design_set":false,"_breakdance_tags":"","footnotes":""},"sezione-contenuto":[13],"class_list":["post-2662","page","type-page","status-publish","has-post-thumbnail","hentry","sezione-contenuto-estate"],"acf":[],"_links":{"self":[{"href":"https:\/\/www.cicciofamilyhotelpolsa.it\/de\/wp-json\/wp\/v2\/pages\/2662","targetHints":{"allow":["GET"]}}],"collection":[{"href":"https:\/\/www.cicciofamilyhotelpolsa.it\/de\/wp-json\/wp\/v2\/pages"}],"about":[{"href":"https:\/\/www.cicciofamilyhotelpolsa.it\/de\/wp-json\/wp\/v2\/types\/page"}],"author":[{"embeddable":true,"href":"https:\/\/www.cicciofamilyhotelpolsa.it\/de\/wp-json\/wp\/v2\/users\/1"}],"replies":[{"embeddable":true,"href":"https:\/\/www.cicciofamilyhotelpolsa.it\/de\/wp-json\/wp\/v2\/comments?post=2662"}],"version-history":[{"count":1,"href":"https:\/\/www.cicciofamilyhotelpolsa.it\/de\/wp-json\/wp\/v2\/pages\/2662\/revisions"}],"predecessor-version":[{"id":2810,"href":"https:\/\/www.cicciofamilyhotelpolsa.it\/de\/wp-json\/wp\/v2\/pages\/2662\/revisions\/2810"}],"up":[{"embeddable":true,"href":"https:\/\/www.cicciofamilyhotelpolsa.it\/de\/wp-json\/wp\/v2\/pages\/2600"}],"wp:featuredmedia":[{"embeddable":true,"href":"https:\/\/www.cicciofamilyhotelpolsa.it\/de\/wp-json\/wp\/v2\/media\/1257"}],"wp:attachment":[{"href":"https:\/\/www.cicciofamilyhotelpolsa.it\/de\/wp-json\/wp\/v2\/media?parent=2662"}],"wp:term":[{"taxonomy":"sezione-contenuto","embeddable":true,"href":"https:\/\/www.cicciofamilyhotelpolsa.it\/de\/wp-json\/wp\/v2\/sezione-contenuto?post=2662"}],"curies":[{"name":"wp","href":"https:\/\/api.w.org\/{rel}","templated":true}]}}