{"id":2657,"date":"2024-04-19T15:34:06","date_gmt":"2024-04-19T13:34:06","guid":{"rendered":"https:\/\/www.cicciofamilyhotelpolsa.it\/sommer\/family-all-inclusive\/"},"modified":"2024-04-19T15:34:06","modified_gmt":"2024-04-19T13:34:06","slug":"family-all-inclusive","status":"publish","type":"page","link":"https:\/\/www.cicciofamilyhotelpolsa.it\/de\/sommer\/family-all-inclusive\/","title":{"rendered":"Family All-Inclusive"},"content":{"rendered":"<h2>Family All-Inclusive<\/h2>\n<p>Urlaub ohne Sorgen, Ablenkungen oder Stress. Ansonsten, ist es wirklich ein Urlaub? Mit dem \u201eAll-Inclusive-Riesenpaket\u201c hast du alles, was du brauchst, um jeden Moment zu genie\u00dfen und keine Sekunde deines Sommers in den Bergen zu verpassen. Mit \u201ealles\u201c meinen wir Fr\u00fchst\u00fcck, Mittagessen, Abendessen, Snacks, Aperitifs, Zimmerservice und Glas-Pool. Und falls dir noch etwas Extra einf\u00e4llt, vertrau uns: Es ist da! Wir erwarten dich in Polsa.<\/p>\n<p>Alles inklusive, aber im Detail?<br \/>\nGute Frage, hier die komplette Liste:<\/p>\n<ul>\n<li>Super Fr\u00fchst\u00fcck<\/li>\n<li>Kaffee und Cappuccino unbegrenzt zu jeder Tageszeit<\/li>\n<li>Mittag- und Abendessen mit buffet und Dessertbuffet<\/li>\n<li>Kinder-Men\u00fc mit speziellen Angeboten f\u00fcr sie<\/li>\n<li>Lunchpaket auf Anfrage, wenn du den ganzen Tag auf den Pisten bleiben m\u00f6chtest<\/li>\n<li>Wasser und Softdrinks den ganzen Tag inklusive<\/li>\n<li>Wei\u00dfwein, Rotwein und Bier w\u00e4hrend der Mahlzeiten inklusive<\/li>\n<li>SUPER Nachmittagssnack<\/li>\n<li>Typischer Trentino-Abend<\/li>\n<li>Willkommens-Aperitif einmal pro Woche<\/li>\n<li>Typischer Romagna-Abend<\/li>\n<\/ul>\n","protected":false},"excerpt":{"rendered":"<p>Family All-Inclusive Urlaub ohne Sorgen, Ablenkungen oder Stress. Ansonsten, ist es wirklich ein Urlaub? Mit dem \u201eAll-Inclusive-Riesenpaket\u201c hast du alles, was du brauchst, um jeden Moment zu genie\u00dfen und keine Sekunde deines Sommers in den Bergen zu verpassen. Mit \u201ealles\u201c meinen wir Fr\u00fchst\u00fcck, Mittagessen, Abendessen, Snacks, Aperitifs, Zimmerservice und Glas-Pool. Und falls dir noch etwas [&hellip;]<\/p>\n","protected":false},"author":1,"featured_media":2382,"parent":2600,"menu_order":0,"comment_status":"closed","ping_status":"closed","template":"","meta":{"_acf_changed":false,"_breakdance_hide_in_design_set":false,"_breakdance_tags":"","footnotes":""},"sezione-contenuto":[13],"class_list":["post-2657","page","type-page","status-publish","has-post-thumbnail","hentry","sezione-contenuto-estate"],"acf":[],"_links":{"self":[{"href":"https:\/\/www.cicciofamilyhotelpolsa.it\/de\/wp-json\/wp\/v2\/pages\/2657","targetHints":{"allow":["GET"]}}],"collection":[{"href":"https:\/\/www.cicciofamilyhotelpolsa.it\/de\/wp-json\/wp\/v2\/pages"}],"about":[{"href":"https:\/\/www.cicciofamilyhotelpolsa.it\/de\/wp-json\/wp\/v2\/types\/page"}],"author":[{"embeddable":true,"href":"https:\/\/www.cicciofamilyhotelpolsa.it\/de\/wp-json\/wp\/v2\/users\/1"}],"replies":[{"embeddable":true,"href":"https:\/\/www.cicciofamilyhotelpolsa.it\/de\/wp-json\/wp\/v2\/comments?post=2657"}],"version-history":[{"count":0,"href":"https:\/\/www.cicciofamilyhotelpolsa.it\/de\/wp-json\/wp\/v2\/pages\/2657\/revisions"}],"up":[{"embeddable":true,"href":"https:\/\/www.cicciofamilyhotelpolsa.it\/de\/wp-json\/wp\/v2\/pages\/2600"}],"wp:featuredmedia":[{"embeddable":true,"href":"https:\/\/www.cicciofamilyhotelpolsa.it\/de\/wp-json\/wp\/v2\/media\/2382"}],"wp:attachment":[{"href":"https:\/\/www.cicciofamilyhotelpolsa.it\/de\/wp-json\/wp\/v2\/media?parent=2657"}],"wp:term":[{"taxonomy":"sezione-contenuto","embeddable":true,"href":"https:\/\/www.cicciofamilyhotelpolsa.it\/de\/wp-json\/wp\/v2\/sezione-contenuto?post=2657"}],"curies":[{"name":"wp","href":"https:\/\/api.w.org\/{rel}","templated":true}]}}