{"id":2655,"date":"2024-04-19T11:54:34","date_gmt":"2024-04-19T09:54:34","guid":{"rendered":"https:\/\/www.cicciofamilyhotelpolsa.it\/sommer\/ciccio-pool-und-wellnesszentrum\/"},"modified":"2024-04-19T11:54:34","modified_gmt":"2024-04-19T09:54:34","slug":"ciccio-pool-und-wellnesszentrum","status":"publish","type":"page","link":"https:\/\/www.cicciofamilyhotelpolsa.it\/de\/sommer\/ciccio-pool-und-wellnesszentrum\/","title":{"rendered":"Ciccio Pool und Wellnesszentrum"},"content":{"rendered":"<p>Die Ciccio Pool ist einer der coolsten (verzeih uns das Reimspiel) Orte im Ciccio Hotel. Hier, inmitten der Berge von Polsa, findest du eine Oase des Friedens und des Wohlbefindens, um nach einem Tag voller Abenteuer und Spielen mit den Kindern neue Energie zu tanken.<\/p>\n<p>Tauche in einen beheizten Pool ein, umgeben von Bergen und Natur. Nach wenigen Momenten tritt der Rest der Welt in den Hintergrund. F\u00fcr ein noch intensiveres Entspannungserlebnis (und wir meinen nicht das Eintauchen in den Pool, sondern totale Entspannung!) bietet das Wellnesszentrum des Hotels eine lange Liste von Behandlungen f\u00fcr K\u00f6rper und Geist. Es ist eine Verw\u00f6hnung, ein Moment der Ruhe zur Regeneration. Und in den Bergen, wenn drau\u00dfen alles wei\u00df ist, ist das Gef\u00fchl der Wiedergeburt wirklich unvergleichlich.<\/p>\n","protected":false},"excerpt":{"rendered":"<p>Die Ciccio Pool ist einer der coolsten (verzeih uns das Reimspiel) Orte im Ciccio Hotel. Hier, inmitten der Berge von Polsa, findest du eine Oase des Friedens und des Wohlbefindens, um nach einem Tag voller Abenteuer und Spielen mit den Kindern neue Energie zu tanken. Tauche in einen beheizten Pool ein, umgeben von Bergen und [&hellip;]<\/p>\n","protected":false},"author":1,"featured_media":2161,"parent":2600,"menu_order":0,"comment_status":"closed","ping_status":"closed","template":"","meta":{"_acf_changed":false,"_breakdance_hide_in_design_set":false,"_breakdance_tags":"","footnotes":""},"sezione-contenuto":[13],"class_list":["post-2655","page","type-page","status-publish","has-post-thumbnail","hentry","sezione-contenuto-estate"],"acf":[],"_links":{"self":[{"href":"https:\/\/www.cicciofamilyhotelpolsa.it\/de\/wp-json\/wp\/v2\/pages\/2655","targetHints":{"allow":["GET"]}}],"collection":[{"href":"https:\/\/www.cicciofamilyhotelpolsa.it\/de\/wp-json\/wp\/v2\/pages"}],"about":[{"href":"https:\/\/www.cicciofamilyhotelpolsa.it\/de\/wp-json\/wp\/v2\/types\/page"}],"author":[{"embeddable":true,"href":"https:\/\/www.cicciofamilyhotelpolsa.it\/de\/wp-json\/wp\/v2\/users\/1"}],"replies":[{"embeddable":true,"href":"https:\/\/www.cicciofamilyhotelpolsa.it\/de\/wp-json\/wp\/v2\/comments?post=2655"}],"version-history":[{"count":0,"href":"https:\/\/www.cicciofamilyhotelpolsa.it\/de\/wp-json\/wp\/v2\/pages\/2655\/revisions"}],"up":[{"embeddable":true,"href":"https:\/\/www.cicciofamilyhotelpolsa.it\/de\/wp-json\/wp\/v2\/pages\/2600"}],"wp:featuredmedia":[{"embeddable":true,"href":"https:\/\/www.cicciofamilyhotelpolsa.it\/de\/wp-json\/wp\/v2\/media\/2161"}],"wp:attachment":[{"href":"https:\/\/www.cicciofamilyhotelpolsa.it\/de\/wp-json\/wp\/v2\/media?parent=2655"}],"wp:term":[{"taxonomy":"sezione-contenuto","embeddable":true,"href":"https:\/\/www.cicciofamilyhotelpolsa.it\/de\/wp-json\/wp\/v2\/sezione-contenuto?post=2655"}],"curies":[{"name":"wp","href":"https:\/\/api.w.org\/{rel}","templated":true}]}}