{"id":2654,"date":"2024-04-19T11:54:18","date_gmt":"2024-04-19T09:54:18","guid":{"rendered":"https:\/\/www.cicciofamilyhotelpolsa.it\/sommer\/ciccio-family-hotel\/"},"modified":"2024-04-19T11:54:18","modified_gmt":"2024-04-19T09:54:18","slug":"ciccio-family-hotel","status":"publish","type":"page","link":"https:\/\/www.cicciofamilyhotelpolsa.it\/de\/sommer\/ciccio-family-hotel\/","title":{"rendered":"Ciccio Family Hotel"},"content":{"rendered":"<p>Ein besonderes Familienhotel, und das ist keine Selbstbeweihr\u00e4ucherung, okay? Das Ciccio Family Hotel hat wirklich etwas Einzigartiges. Zun\u00e4chst einmal ist der Direktor Ciccio, ein Kaninchen. Im Ernst. Und er ist nicht einmal das einzige Kaninchen in der Unterkunft; es gibt einen kleinen Bauernhof, wo du den Rest der Truppe findest. Wirklich, nochmal im Ernst.<\/p>\n<p>Aber das Hotel ist auch aus vielen anderen Gr\u00fcnden besonders, von der fantastischen Lage in Polsa, in der N\u00e4he von Sehensw\u00fcrdigkeiten, W\u00e4ldern und Bergen, bis hin zur unz\u00e4hligen Menge an Aktivit\u00e4ten, die im Sommer unternommen werden k\u00f6nnen: Wandern, Spazierg\u00e4nge, Schwimmen (und was f\u00fcr ein Pool!), Trekking, Verkostungen, Themenabende, Spiele, Parks und Pferde. Ganz zu schweigen von den k\u00fcrzlich renovierten Zimmern, die alle neu, ger\u00e4umig und sch\u00f6n sind, perfekt f\u00fcr Familien jeder Gr\u00f6\u00dfe.<\/p>\n<p>Im Ciccio Family Hotel in Polsa beginnen die Tage mit einem atemberaubenden Blick auf das Trentino und setzen sich mit einem Mega-Fr\u00fchst\u00fcck, einem Ausflug in die W\u00e4lder oder ein paar Stunden im Glaspool des Hotels fort. Und es gibt auch ein Wellnesscenter. Denn hier liegt uns dein Komfort, dein Gleichgewicht und das Wiederaufladen deiner Batterien wirklich am Herzen.<\/p>\n","protected":false},"excerpt":{"rendered":"<p>Ein besonderes Familienhotel, und das ist keine Selbstbeweihr\u00e4ucherung, okay? Das Ciccio Family Hotel hat wirklich etwas Einzigartiges. Zun\u00e4chst einmal ist der Direktor Ciccio, ein Kaninchen. Im Ernst. Und er ist nicht einmal das einzige Kaninchen in der Unterkunft; es gibt einen kleinen Bauernhof, wo du den Rest der Truppe findest. Wirklich, nochmal im Ernst. Aber [&hellip;]<\/p>\n","protected":false},"author":1,"featured_media":1260,"parent":2600,"menu_order":0,"comment_status":"closed","ping_status":"closed","template":"","meta":{"_acf_changed":false,"_breakdance_hide_in_design_set":false,"_breakdance_tags":"","footnotes":""},"sezione-contenuto":[13],"class_list":["post-2654","page","type-page","status-publish","has-post-thumbnail","hentry","sezione-contenuto-estate"],"acf":[],"_links":{"self":[{"href":"https:\/\/www.cicciofamilyhotelpolsa.it\/de\/wp-json\/wp\/v2\/pages\/2654","targetHints":{"allow":["GET"]}}],"collection":[{"href":"https:\/\/www.cicciofamilyhotelpolsa.it\/de\/wp-json\/wp\/v2\/pages"}],"about":[{"href":"https:\/\/www.cicciofamilyhotelpolsa.it\/de\/wp-json\/wp\/v2\/types\/page"}],"author":[{"embeddable":true,"href":"https:\/\/www.cicciofamilyhotelpolsa.it\/de\/wp-json\/wp\/v2\/users\/1"}],"replies":[{"embeddable":true,"href":"https:\/\/www.cicciofamilyhotelpolsa.it\/de\/wp-json\/wp\/v2\/comments?post=2654"}],"version-history":[{"count":0,"href":"https:\/\/www.cicciofamilyhotelpolsa.it\/de\/wp-json\/wp\/v2\/pages\/2654\/revisions"}],"up":[{"embeddable":true,"href":"https:\/\/www.cicciofamilyhotelpolsa.it\/de\/wp-json\/wp\/v2\/pages\/2600"}],"wp:featuredmedia":[{"embeddable":true,"href":"https:\/\/www.cicciofamilyhotelpolsa.it\/de\/wp-json\/wp\/v2\/media\/1260"}],"wp:attachment":[{"href":"https:\/\/www.cicciofamilyhotelpolsa.it\/de\/wp-json\/wp\/v2\/media?parent=2654"}],"wp:term":[{"taxonomy":"sezione-contenuto","embeddable":true,"href":"https:\/\/www.cicciofamilyhotelpolsa.it\/de\/wp-json\/wp\/v2\/sezione-contenuto?post=2654"}],"curies":[{"name":"wp","href":"https:\/\/api.w.org\/{rel}","templated":true}]}}