{"id":2653,"date":"2024-04-19T11:55:54","date_gmt":"2024-04-19T09:55:54","guid":{"rendered":"https:\/\/www.cicciofamilyhotelpolsa.it\/sommer\/kinder-und-animation\/"},"modified":"2024-04-19T11:55:54","modified_gmt":"2024-04-19T09:55:54","slug":"kinder-und-animation","status":"publish","type":"page","link":"https:\/\/www.cicciofamilyhotelpolsa.it\/de\/sommer\/kinder-und-animation\/","title":{"rendered":"Kinder und Animation"},"content":{"rendered":"<p>Ein echtes Familienhotel kann ohne Spielbereiche nicht existieren, oder? Hier sind sie \u00fcberall: drinnen, drau\u00dfen, in f\u00fcr alle Altersgruppen konzipierten Bereichen und immer unter dem wachsamen Auge des Personals.<\/p>\n","protected":false},"excerpt":{"rendered":"<p>Ein echtes Familienhotel kann ohne Spielbereiche nicht existieren, oder? Hier sind sie \u00fcberall: drinnen, drau\u00dfen, in f\u00fcr alle Altersgruppen konzipierten Bereichen und immer unter dem wachsamen Auge des Personals.<\/p>\n","protected":false},"author":1,"featured_media":2264,"parent":2600,"menu_order":0,"comment_status":"closed","ping_status":"closed","template":"","meta":{"_acf_changed":false,"_breakdance_hide_in_design_set":false,"_breakdance_tags":"","footnotes":""},"sezione-contenuto":[13],"class_list":["post-2653","page","type-page","status-publish","has-post-thumbnail","hentry","sezione-contenuto-estate"],"acf":[],"_links":{"self":[{"href":"https:\/\/www.cicciofamilyhotelpolsa.it\/de\/wp-json\/wp\/v2\/pages\/2653","targetHints":{"allow":["GET"]}}],"collection":[{"href":"https:\/\/www.cicciofamilyhotelpolsa.it\/de\/wp-json\/wp\/v2\/pages"}],"about":[{"href":"https:\/\/www.cicciofamilyhotelpolsa.it\/de\/wp-json\/wp\/v2\/types\/page"}],"author":[{"embeddable":true,"href":"https:\/\/www.cicciofamilyhotelpolsa.it\/de\/wp-json\/wp\/v2\/users\/1"}],"replies":[{"embeddable":true,"href":"https:\/\/www.cicciofamilyhotelpolsa.it\/de\/wp-json\/wp\/v2\/comments?post=2653"}],"version-history":[{"count":0,"href":"https:\/\/www.cicciofamilyhotelpolsa.it\/de\/wp-json\/wp\/v2\/pages\/2653\/revisions"}],"up":[{"embeddable":true,"href":"https:\/\/www.cicciofamilyhotelpolsa.it\/de\/wp-json\/wp\/v2\/pages\/2600"}],"wp:featuredmedia":[{"embeddable":true,"href":"https:\/\/www.cicciofamilyhotelpolsa.it\/de\/wp-json\/wp\/v2\/media\/2264"}],"wp:attachment":[{"href":"https:\/\/www.cicciofamilyhotelpolsa.it\/de\/wp-json\/wp\/v2\/media?parent=2653"}],"wp:term":[{"taxonomy":"sezione-contenuto","embeddable":true,"href":"https:\/\/www.cicciofamilyhotelpolsa.it\/de\/wp-json\/wp\/v2\/sezione-contenuto?post=2653"}],"curies":[{"name":"wp","href":"https:\/\/api.w.org\/{rel}","templated":true}]}}