{"id":2600,"date":"2024-03-13T10:04:46","date_gmt":"2024-03-13T09:04:46","guid":{"rendered":"https:\/\/www.cicciofamilyhotelpolsa.it\/sommer\/"},"modified":"2025-04-24T11:03:52","modified_gmt":"2025-04-24T09:03:52","slug":"sommer","status":"publish","type":"page","link":"https:\/\/www.cicciofamilyhotelpolsa.it\/de\/sommer\/","title":{"rendered":"Sommer"},"content":{"rendered":"<p><strong>Haben wir Hasen in den Bergen?<\/strong><br \/>\nSo viele du willst, und es gibt einen besonders freundlichen und sympathischen: Ciccio!<br \/>\nAber verwechsle ihn nicht mit einem Maskottchen oder Haustier, Ciccio ist der Direktor eines super-duper-mega-spa\u00dfigen Familienhotels.<\/p>\n<h2>Spa\u00df, Unterhaltung und Entspannung<\/h2>\n<p>Es gibt Spielbereiche sowohl drinnen als auch drau\u00dfen im Family Hotel, denn ohne Spiele w\u00e4re es ja wirklich nicht \u201efamily\u201c, oder?<br \/>\nAlso, Spiele: Es gibt Spielpl\u00e4tze mit digitalen und analogen Spielen, sicher, gut ausgestattet und immer vom Personal beaufsichtigt.<br \/>\nAu\u00dferdem gibt es \u201eEssensbereiche\u201c f\u00fcr Kinder von null bis vier Jahren, mit weichen Spielzeugen, die speziell f\u00fcr sie gedacht sind. F\u00fcr die \u00c4lteren gibt es einen Junior-Bereich mit einer PlayStation 5 (wow!) und anderen gro\u00dfartigen Spielen f\u00fcr Jugendliche. Und dann gibt es endlose Gr\u00fcnfl\u00e4chen, die frische Luft der Trentiner Berge und\u2026 ein Hasendorf!<\/p>\n<p>In der Zwischenzeit\u2026 entspannen sich die Eltern!<br \/>\nEin Pool, Spa mit Dampfbad, Sauna und Erlebnisduschen sind eine gro\u00dfartige M\u00f6glichkeit, dem Alltag zu entfliehen, oder?<\/p>\n<h2>Brandneue und thematische Zimmer<\/h2>\n<p>Gleiche Zimmer haben uns nie gefallen. Wir bevorzugen thematische, farbenfrohe und spritzige Zimmer.<br \/>\nAlle k\u00fcrzlich eingerichtet und von Ciccio pers\u00f6nlich von oben bis unten \u00fcberpr\u00fcft.<\/p>\n<h2>Nat\u00fcrlich tierfreundlich<\/h2>\n<p>Tiere sind Teil der Familie, daher sind sie herzlich willkommen. Aber mal ehrlich, in einem Familienhotel, in dem ein Hase der Direktor ist, wie k\u00f6nnte man denken, dass Hunde, Katzen, Nagetiere, V\u00f6gel und Krokodile drau\u00dfen bleiben m\u00fcssen? Na gut, bei den Krokodilen f\u00fchren wir vielleicht vorher noch ein kleines Gespr\u00e4ch, nur zur Sicherheit.<\/p>\n<h2><strong data-start=\"0\" data-end=\"71\" data-is-only-node=\"\">2 gef\u00fchrte Wanderungen pro Woche, begleitet von einem lokalen Guide<\/strong><\/h2>\n<p>Entdecke Polsa, seine wundersch\u00f6nen Wege und atemberaubenden Ausblicke! Die Wanderungen sind f\u00fcr alle geeignet und im Family All-Inclusive-Paket enthalten!<\/p>\n","protected":false},"excerpt":{"rendered":"<p>Haben wir Hasen in den Bergen? So viele du willst, und es gibt einen besonders freundlichen und sympathischen: Ciccio! Aber verwechsle ihn nicht mit einem Maskottchen oder Haustier, Ciccio ist der Direktor eines super-duper-mega-spa\u00dfigen Familienhotels. Spa\u00df, Unterhaltung und Entspannung Es gibt Spielbereiche sowohl drinnen als auch drau\u00dfen im Family Hotel, denn ohne Spiele w\u00e4re es [&hellip;]<\/p>\n","protected":false},"author":1,"featured_media":27,"parent":0,"menu_order":0,"comment_status":"closed","ping_status":"closed","template":"","meta":{"_acf_changed":false,"_breakdance_hide_in_design_set":false,"_breakdance_tags":"","footnotes":""},"sezione-contenuto":[13],"class_list":["post-2600","page","type-page","status-publish","has-post-thumbnail","hentry","sezione-contenuto-estate"],"acf":[],"_links":{"self":[{"href":"https:\/\/www.cicciofamilyhotelpolsa.it\/de\/wp-json\/wp\/v2\/pages\/2600","targetHints":{"allow":["GET"]}}],"collection":[{"href":"https:\/\/www.cicciofamilyhotelpolsa.it\/de\/wp-json\/wp\/v2\/pages"}],"about":[{"href":"https:\/\/www.cicciofamilyhotelpolsa.it\/de\/wp-json\/wp\/v2\/types\/page"}],"author":[{"embeddable":true,"href":"https:\/\/www.cicciofamilyhotelpolsa.it\/de\/wp-json\/wp\/v2\/users\/1"}],"replies":[{"embeddable":true,"href":"https:\/\/www.cicciofamilyhotelpolsa.it\/de\/wp-json\/wp\/v2\/comments?post=2600"}],"version-history":[{"count":2,"href":"https:\/\/www.cicciofamilyhotelpolsa.it\/de\/wp-json\/wp\/v2\/pages\/2600\/revisions"}],"predecessor-version":[{"id":2813,"href":"https:\/\/www.cicciofamilyhotelpolsa.it\/de\/wp-json\/wp\/v2\/pages\/2600\/revisions\/2813"}],"wp:featuredmedia":[{"embeddable":true,"href":"https:\/\/www.cicciofamilyhotelpolsa.it\/de\/wp-json\/wp\/v2\/media\/27"}],"wp:attachment":[{"href":"https:\/\/www.cicciofamilyhotelpolsa.it\/de\/wp-json\/wp\/v2\/media?parent=2600"}],"wp:term":[{"taxonomy":"sezione-contenuto","embeddable":true,"href":"https:\/\/www.cicciofamilyhotelpolsa.it\/de\/wp-json\/wp\/v2\/sezione-contenuto?post=2600"}],"curies":[{"name":"wp","href":"https:\/\/api.w.org\/{rel}","templated":true}]}}