{"id":2084,"date":"2024-10-29T12:22:21","date_gmt":"2024-10-29T11:22:21","guid":{"rendered":"https:\/\/www.cicciofamilyhotelpolsa.it\/?page_id=2084"},"modified":"2024-11-26T11:11:06","modified_gmt":"2024-11-26T10:11:06","slug":"scalapay","status":"publish","type":"page","link":"https:\/\/www.cicciofamilyhotelpolsa.it\/de\/sommer\/scalapay\/","title":{"rendered":"Scalapay"},"content":{"rendered":"<h2><img decoding=\"async\" class=\"wp-image-2093 size-large aligncenter\" src=\"https:\/\/www.cicciofamilyhotelpolsa.it\/wp-content\/uploads\/2024\/11\/scalapay-steps-de-1024x512.png\" alt=\"\" width=\"1024\" height=\"512\" srcset=\"https:\/\/www.cicciofamilyhotelpolsa.it\/wp-content\/uploads\/2024\/11\/scalapay-steps-de-1024x512.png 1024w, https:\/\/www.cicciofamilyhotelpolsa.it\/wp-content\/uploads\/2024\/11\/scalapay-steps-de-300x150.png 300w, https:\/\/www.cicciofamilyhotelpolsa.it\/wp-content\/uploads\/2024\/11\/scalapay-steps-de-768x384.png 768w, https:\/\/www.cicciofamilyhotelpolsa.it\/wp-content\/uploads\/2024\/11\/scalapay-steps-de.png 1536w\" sizes=\"(max-width: 1024px) 100vw, 1024px\" \/><\/h2>\n<h2>So funktioniert es<\/h2>\n<ul>\n<li>Verwenden Sie Scalapay, um Ihren Urlaub im Ciccio Family Hotel Polsa di Brentonico zu buchen<\/li>\n<li>W\u00e4hlen Sie Scalapay, wenn Sie Ihr Angebot best\u00e4tigen<\/li>\n<li>Erstellen Sie in wenigen Minuten ein Konto. Scalapay akzeptiert alle g\u00e4ngigen Kredit-, Debit- und Prepaid-Karten der VISA-, MASTERCARD- und AMERICAN EXPRESS-Netzwerke.<\/li>\n<li>Zum Zeitpunkt des Kaufs wird die erste Rate von Ihrer Karte abgebucht.<br \/>\nDie n\u00e4chsten 2 Raten werden Ihnen monatlich in Rechnung gestellt:<br \/>\n<b>Erste Rate:<\/b> zum Zeitpunkt der Best\u00e4tigung;<br \/>\n<b>Zweite Rate:<\/b> 1 Monat ab dem Tag der Best\u00e4tigung;<br \/>\n<b>Dritte und letzte Rate:<\/b> 2 Monate ab dem Tag der Best\u00e4tigung;<br \/>\nScalapay benachrichtigt Sie einige Tage vor dem F\u00e4lligkeitsdatum jeder Rate per SMS und E-Mail.<\/li>\n<\/ul>\n<h2>Bedingungen<\/h2>\n<ol>\n<li>Sie m\u00fcssen vollj\u00e4hrig sein<\/li>\n<li>Wenn die automatische Ratenzahlung fehlschl\u00e4gt, haben Sie 24 Stunden Zeit, um die Zahlung direkt von Ihrem Scalapay-Konto aus abzuschlie\u00dfen<\/li>\n<li>Wenn dies nicht geschieht, erhebt Scalapay Geb\u00fchren f\u00fcr versp\u00e4tete Zahlungen, wie unten erl\u00e4utert:\n<ol>\n<li>Zahlung bis zum F\u00e4lligkeitsdatum = keine zus\u00e4tzlichen Geb\u00fchren!<\/li>\n<li>Zahlung mehr als 1 Tag versp\u00e4tet = bis zu 6 \u20ac zus\u00e4tzliche Geb\u00fchren<\/li>\n<li>Zahlung mehr als 1 Woche versp\u00e4tet = zus\u00e4tzliche 6 \u20ac (zus\u00e4tzlich zur ersten Geb\u00fchr, bis zu einem Maximum von 12 \u20ac pro Zahlung)<\/li>\n<\/ol>\n<\/li>\n<\/ol>\n<p>Die vollst\u00e4ndigen Gesch\u00e4ftsbedingungen finden Sie unter <a href=\"https:\/\/www.scalapay.com\/\" target=\"_blank\" rel=\"noopener\">www.scalapay.com\/<\/a> oder kontaktieren Sie uns unter +39 0541 615852<\/p>\n<p>&nbsp;<\/p>\n","protected":false},"excerpt":{"rendered":"<p>So funktioniert es Verwenden Sie Scalapay, um Ihren Urlaub im Ciccio Family Hotel Polsa di Brentonico zu buchen W\u00e4hlen Sie Scalapay, wenn Sie Ihr Angebot best\u00e4tigen Erstellen Sie in wenigen Minuten ein Konto. Scalapay akzeptiert alle g\u00e4ngigen Kredit-, Debit- und Prepaid-Karten der VISA-, MASTERCARD- und AMERICAN EXPRESS-Netzwerke. Zum Zeitpunkt des Kaufs wird die erste Rate [&hellip;]<\/p>\n","protected":false},"author":1,"featured_media":0,"parent":2600,"menu_order":0,"comment_status":"closed","ping_status":"closed","template":"","meta":{"_acf_changed":false,"_breakdance_hide_in_design_set":false,"_breakdance_tags":"","footnotes":""},"sezione-contenuto":[],"class_list":["post-2084","page","type-page","status-publish","hentry"],"acf":[],"_links":{"self":[{"href":"https:\/\/www.cicciofamilyhotelpolsa.it\/de\/wp-json\/wp\/v2\/pages\/2084","targetHints":{"allow":["GET"]}}],"collection":[{"href":"https:\/\/www.cicciofamilyhotelpolsa.it\/de\/wp-json\/wp\/v2\/pages"}],"about":[{"href":"https:\/\/www.cicciofamilyhotelpolsa.it\/de\/wp-json\/wp\/v2\/types\/page"}],"author":[{"embeddable":true,"href":"https:\/\/www.cicciofamilyhotelpolsa.it\/de\/wp-json\/wp\/v2\/users\/1"}],"replies":[{"embeddable":true,"href":"https:\/\/www.cicciofamilyhotelpolsa.it\/de\/wp-json\/wp\/v2\/comments?post=2084"}],"version-history":[{"count":4,"href":"https:\/\/www.cicciofamilyhotelpolsa.it\/de\/wp-json\/wp\/v2\/pages\/2084\/revisions"}],"predecessor-version":[{"id":2102,"href":"https:\/\/www.cicciofamilyhotelpolsa.it\/de\/wp-json\/wp\/v2\/pages\/2084\/revisions\/2102"}],"up":[{"embeddable":true,"href":"https:\/\/www.cicciofamilyhotelpolsa.it\/de\/wp-json\/wp\/v2\/pages\/2600"}],"wp:attachment":[{"href":"https:\/\/www.cicciofamilyhotelpolsa.it\/de\/wp-json\/wp\/v2\/media?parent=2084"}],"wp:term":[{"taxonomy":"sezione-contenuto","embeddable":true,"href":"https:\/\/www.cicciofamilyhotelpolsa.it\/de\/wp-json\/wp\/v2\/sezione-contenuto?post=2084"}],"curies":[{"name":"wp","href":"https:\/\/api.w.org\/{rel}","templated":true}]}}